{"id":1240,"date":"2023-07-19T10:40:26","date_gmt":"2023-07-19T10:40:26","guid":{"rendered":"https:\/\/claysoncorp.com\/news\/"},"modified":"2024-11-21T13:05:07","modified_gmt":"2024-11-21T13:05:07","slug":"news","status":"publish","type":"page","link":"https:\/\/claysoncorp.com\/en\/news\/","title":{"rendered":"News"},"content":{"rendered":"\t\t<div data-elementor-type=\"wp-page\" data-elementor-id=\"1240\" class=\"elementor elementor-1240 elementor-64\" data-elementor-post-type=\"page\">\n\t\t\t\t\t\t<section class=\"elementor-section elementor-top-section elementor-element elementor-element-d324727 elementor-section-boxed elementor-section-height-default elementor-section-height-default\" data-id=\"d324727\" data-element_type=\"section\" data-e-type=\"section\" data-settings=\"{&quot;jet_parallax_layout_list&quot;:[]}\">\n\t\t\t\t\t\t\t<div class=\"elementor-background-overlay\"><\/div>\n\t\t\t\t\t\t\t<div class=\"elementor-container elementor-column-gap-default\">\n\t\t\t\t\t<div class=\"elementor-column elementor-col-100 elementor-top-column elementor-element elementor-element-7370075\" data-id=\"7370075\" data-element_type=\"column\" data-e-type=\"column\">\n\t\t\t<div class=\"elementor-widget-wrap elementor-element-populated\">\n\t\t\t\t\t\t<div class=\"elementor-element elementor-element-4446ff5 elementor-widget elementor-widget-text-editor\" data-id=\"4446ff5\" data-element_type=\"widget\" data-e-type=\"widget\" data-widget_type=\"text-editor.default\">\n\t\t\t\t<div class=\"elementor-widget-container\">\n\t\t\t\t\t\t\t\t\t<p>Read the latest news about Clayson \u00c9comin\u00e9ral.&nbsp;<\/p>\n\t\t\t\t\t\t\t\t<\/div>\n\t\t\t\t<\/div>\n\t\t\t\t<div class=\"elementor-element elementor-element-229b96f elementor-widget elementor-widget-spacer\" data-id=\"229b96f\" data-element_type=\"widget\" data-e-type=\"widget\" data-widget_type=\"spacer.default\">\n\t\t\t\t<div class=\"elementor-widget-container\">\n\t\t\t\t\t\t\t<div class=\"elementor-spacer\">\n\t\t\t<div class=\"elementor-spacer-inner\"><\/div>\n\t\t<\/div>\n\t\t\t\t\t\t<\/div>\n\t\t\t\t<\/div>\n\t\t\t\t<div class=\"elementor-element elementor-element-be75865 elementor-grid-3 elementor-grid-tablet-2 elementor-grid-mobile-1 elementor-posts--thumbnail-top elementor-card-shadow-yes elementor-posts__hover-gradient elementor-widget elementor-widget-posts\" data-id=\"be75865\" data-element_type=\"widget\" data-e-type=\"widget\" data-settings=\"{&quot;cards_columns&quot;:&quot;3&quot;,&quot;cards_columns_tablet&quot;:&quot;2&quot;,&quot;cards_columns_mobile&quot;:&quot;1&quot;,&quot;cards_row_gap&quot;:{&quot;unit&quot;:&quot;px&quot;,&quot;size&quot;:35,&quot;sizes&quot;:[]},&quot;cards_row_gap_laptop&quot;:{&quot;unit&quot;:&quot;px&quot;,&quot;size&quot;:&quot;&quot;,&quot;sizes&quot;:[]},&quot;cards_row_gap_tablet&quot;:{&quot;unit&quot;:&quot;px&quot;,&quot;size&quot;:&quot;&quot;,&quot;sizes&quot;:[]},&quot;cards_row_gap_mobile&quot;:{&quot;unit&quot;:&quot;px&quot;,&quot;size&quot;:&quot;&quot;,&quot;sizes&quot;:[]}}\" data-widget_type=\"posts.cards\">\n\t\t\t\t<div class=\"elementor-widget-container\">\n\t\t\t\t\t\t\t<div class=\"elementor-posts-container elementor-posts elementor-posts--skin-cards elementor-grid\" role=\"list\">\n\t\t\t\t<article class=\"elementor-post elementor-grid-item post-1244 post type-post status-publish format-standard has-post-thumbnail hentry category-press-release\" role=\"listitem\">\n\t\t\t<div class=\"elementor-post__card\">\n\t\t\t\t<a class=\"elementor-post__thumbnail__link\" href=\"https:\/\/claysoncorp.com\/en\/2024\/10\/17\/clayson-ecomineral-obtains-ministerial-authorization-for-impact-exploration-work\/\" tabindex=\"-1\" ><div class=\"elementor-post__thumbnail\"><img fetchpriority=\"high\" decoding=\"async\" width=\"300\" height=\"200\" src=\"https:\/\/claysoncorp.com\/wp-content\/uploads\/2024\/11\/AdobeStock_555036051-300x200.webp\" class=\"attachment-medium size-medium wp-image-1170\" alt=\"\" srcset=\"https:\/\/claysoncorp.com\/wp-content\/uploads\/2024\/11\/AdobeStock_555036051-300x200.webp 300w, https:\/\/claysoncorp.com\/wp-content\/uploads\/2024\/11\/AdobeStock_555036051-1024x683.webp 1024w, https:\/\/claysoncorp.com\/wp-content\/uploads\/2024\/11\/AdobeStock_555036051-768x512.webp 768w, https:\/\/claysoncorp.com\/wp-content\/uploads\/2024\/11\/AdobeStock_555036051-1536x1024.webp 1536w, https:\/\/claysoncorp.com\/wp-content\/uploads\/2024\/11\/AdobeStock_555036051-2048x1365.webp 2048w\" sizes=\"(max-width: 300px) 100vw, 300px\" \/><\/div><\/a>\n\t\t\t\t<div class=\"elementor-post__badge\">Press release<\/div>\n\t\t\t\t<div class=\"elementor-post__text\">\n\t\t\t\t<h3 class=\"elementor-post__title\">\n\t\t\t<a href=\"https:\/\/claysoncorp.com\/en\/2024\/10\/17\/clayson-ecomineral-obtains-ministerial-authorization-for-impact-exploration-work\/\" >\n\t\t\t\tClayson Ecomineral obtains ministerial authorization for impact exploration work\t\t\t<\/a>\n\t\t<\/h3>\n\t\t\t\t<div class=\"elementor-post__excerpt\">\n\t\t\t<p>Clayson Ecomineral is pleased to announce that it has received authorization to proceed with diamond drilling on its St-Damase deposit in the Matapedia RCM, in accordance with section 69 of the Mining Act (RLRQ, chapter M-13.1).<\/p>\n\t\t<\/div>\n\t\t\n\t\t<a class=\"elementor-post__read-more\" href=\"https:\/\/claysoncorp.com\/en\/2024\/10\/17\/clayson-ecomineral-obtains-ministerial-authorization-for-impact-exploration-work\/\" aria-label=\"Read more about Clayson Ecomineral obtains ministerial authorization for impact exploration work\" tabindex=\"-1\" >\n\t\t\tRead more \"\t\t<\/a>\n\n\t\t\t\t<\/div>\n\t\t\t\t<div class=\"elementor-post__meta-data\">\n\t\t\t\t\t<span class=\"elementor-post-date\">\n\t\t\tOctober 17, 2024\t\t<\/span>\n\t\t\t\t<span class=\"elementor-post-avatar\">\n\t\t\tNo Comments\t\t<\/span>\n\t\t\t\t<\/div>\n\t\t\t\t\t<\/div>\n\t\t<\/article>\n\t\t\t\t<\/div>\n\t\t\n\t\t\t\t\t\t<\/div>\n\t\t\t\t<\/div>\n\t\t\t\t\t<\/div>\n\t\t<\/div>\n\t\t\t\t\t<\/div>\n\t\t<\/section>\n\t\t\t\t<\/div>\n\t\t","protected":false},"excerpt":{"rendered":"<p>Read the latest news about Clayson \u00c9comin\u00e9ral.&nbsp;<\/p>\n","protected":false},"author":1,"featured_media":1172,"parent":0,"menu_order":0,"comment_status":"closed","ping_status":"closed","template":"","meta":{"footnotes":""},"class_list":["post-1240","page","type-page","status-publish","has-post-thumbnail","hentry"],"yoast_head":"<!-- This site is optimized with the Yoast SEO plugin v27.4 - https:\/\/yoast.com\/product\/yoast-seo-wordpress\/ -->\n<title>News - Clayson \u00c9comineral inc.<\/title>\n<meta name=\"robots\" content=\"index, follow, max-snippet:-1, max-image-preview:large, max-video-preview:-1\" \/>\n<link rel=\"canonical\" href=\"https:\/\/claysoncorp.com\/en\/news\/\" \/>\n<meta property=\"og:locale\" content=\"en_US\" \/>\n<meta property=\"og:type\" content=\"article\" \/>\n<meta property=\"og:title\" content=\"News - Clayson \u00c9comineral inc.\" \/>\n<meta property=\"og:description\" content=\"Read the latest news about Clayson \u00c9comin\u00e9ral.&nbsp;\" \/>\n<meta property=\"og:url\" content=\"https:\/\/claysoncorp.com\/en\/news\/\" \/>\n<meta property=\"og:site_name\" content=\"Clayson \u00c9comineral inc.\" \/>\n<meta property=\"article:modified_time\" content=\"2024-11-21T13:05:07+00:00\" \/>\n<meta property=\"og:image\" content=\"https:\/\/claysoncorp.com\/wp-content\/uploads\/2024\/11\/AdobeStock_58954939_2-scaled.webp\" \/>\n\t<meta property=\"og:image:width\" content=\"2560\" \/>\n\t<meta property=\"og:image:height\" content=\"1051\" \/>\n\t<meta property=\"og:image:type\" content=\"image\/webp\" \/>\n<meta name=\"twitter:card\" content=\"summary_large_image\" \/>\n<script type=\"application\/ld+json\" class=\"yoast-schema-graph\">{\"@context\":\"https:\\\/\\\/schema.org\",\"@graph\":[{\"@type\":\"WebPage\",\"@id\":\"https:\\\/\\\/claysoncorp.com\\\/en\\\/news\\\/\",\"url\":\"https:\\\/\\\/claysoncorp.com\\\/en\\\/news\\\/\",\"name\":\"News - Clayson \u00c9comineral inc.\",\"isPartOf\":{\"@id\":\"https:\\\/\\\/claysoncorp.com\\\/#website\"},\"primaryImageOfPage\":{\"@id\":\"https:\\\/\\\/claysoncorp.com\\\/en\\\/news\\\/#primaryimage\"},\"image\":{\"@id\":\"https:\\\/\\\/claysoncorp.com\\\/en\\\/news\\\/#primaryimage\"},\"thumbnailUrl\":\"https:\\\/\\\/claysoncorp.com\\\/wp-content\\\/uploads\\\/2024\\\/11\\\/AdobeStock_58954939_2-scaled.webp\",\"datePublished\":\"2023-07-19T10:40:26+00:00\",\"dateModified\":\"2024-11-21T13:05:07+00:00\",\"breadcrumb\":{\"@id\":\"https:\\\/\\\/claysoncorp.com\\\/en\\\/news\\\/#breadcrumb\"},\"inLanguage\":\"en-US\",\"potentialAction\":[{\"@type\":\"ReadAction\",\"target\":[\"https:\\\/\\\/claysoncorp.com\\\/en\\\/news\\\/\"]}]},{\"@type\":\"ImageObject\",\"inLanguage\":\"en-US\",\"@id\":\"https:\\\/\\\/claysoncorp.com\\\/en\\\/news\\\/#primaryimage\",\"url\":\"https:\\\/\\\/claysoncorp.com\\\/wp-content\\\/uploads\\\/2024\\\/11\\\/AdobeStock_58954939_2-scaled.webp\",\"contentUrl\":\"https:\\\/\\\/claysoncorp.com\\\/wp-content\\\/uploads\\\/2024\\\/11\\\/AdobeStock_58954939_2-scaled.webp\",\"width\":2560,\"height\":1051},{\"@type\":\"BreadcrumbList\",\"@id\":\"https:\\\/\\\/claysoncorp.com\\\/en\\\/news\\\/#breadcrumb\",\"itemListElement\":[{\"@type\":\"ListItem\",\"position\":1,\"name\":\"Accueil\",\"item\":\"https:\\\/\\\/claysoncorp.com\\\/en\\\/\"},{\"@type\":\"ListItem\",\"position\":2,\"name\":\"News\"}]},{\"@type\":\"WebSite\",\"@id\":\"https:\\\/\\\/claysoncorp.com\\\/#website\",\"url\":\"https:\\\/\\\/claysoncorp.com\\\/\",\"name\":\"Clayson \u00c9comineral inc.\",\"description\":\"R\u00e9inventer le b\u00e9ton avec un ciment plus responsable\",\"publisher\":{\"@id\":\"https:\\\/\\\/claysoncorp.com\\\/#organization\"},\"potentialAction\":[{\"@type\":\"SearchAction\",\"target\":{\"@type\":\"EntryPoint\",\"urlTemplate\":\"https:\\\/\\\/claysoncorp.com\\\/?s={search_term_string}\"},\"query-input\":{\"@type\":\"PropertyValueSpecification\",\"valueRequired\":true,\"valueName\":\"search_term_string\"}}],\"inLanguage\":\"en-US\"},{\"@type\":\"Organization\",\"@id\":\"https:\\\/\\\/claysoncorp.com\\\/#organization\",\"name\":\"Clayson \u00c9comineral inc.\",\"url\":\"https:\\\/\\\/claysoncorp.com\\\/\",\"logo\":{\"@type\":\"ImageObject\",\"inLanguage\":\"en-US\",\"@id\":\"https:\\\/\\\/claysoncorp.com\\\/#\\\/schema\\\/logo\\\/image\\\/\",\"url\":\"https:\\\/\\\/claysoncorp.com\\\/wp-content\\\/uploads\\\/2023\\\/07\\\/Clayson_Ecomineral-Brand-FR.svg\",\"contentUrl\":\"https:\\\/\\\/claysoncorp.com\\\/wp-content\\\/uploads\\\/2023\\\/07\\\/Clayson_Ecomineral-Brand-FR.svg\",\"width\":1296,\"height\":576,\"caption\":\"Clayson \u00c9comineral inc.\"},\"image\":{\"@id\":\"https:\\\/\\\/claysoncorp.com\\\/#\\\/schema\\\/logo\\\/image\\\/\"}}]}<\/script>\n<!-- \/ Yoast SEO plugin. -->","yoast_head_json":{"title":"News - Clayson \u00c9comineral inc.","robots":{"index":"index","follow":"follow","max-snippet":"max-snippet:-1","max-image-preview":"max-image-preview:large","max-video-preview":"max-video-preview:-1"},"canonical":"https:\/\/claysoncorp.com\/en\/news\/","og_locale":"en_US","og_type":"article","og_title":"News - Clayson \u00c9comineral inc.","og_description":"Read the latest news about Clayson \u00c9comin\u00e9ral.&nbsp;","og_url":"https:\/\/claysoncorp.com\/en\/news\/","og_site_name":"Clayson \u00c9comineral inc.","article_modified_time":"2024-11-21T13:05:07+00:00","og_image":[{"width":2560,"height":1051,"url":"https:\/\/claysoncorp.com\/wp-content\/uploads\/2024\/11\/AdobeStock_58954939_2-scaled.webp","type":"image\/webp"}],"twitter_card":"summary_large_image","schema":{"@context":"https:\/\/schema.org","@graph":[{"@type":"WebPage","@id":"https:\/\/claysoncorp.com\/en\/news\/","url":"https:\/\/claysoncorp.com\/en\/news\/","name":"News - Clayson \u00c9comineral inc.","isPartOf":{"@id":"https:\/\/claysoncorp.com\/#website"},"primaryImageOfPage":{"@id":"https:\/\/claysoncorp.com\/en\/news\/#primaryimage"},"image":{"@id":"https:\/\/claysoncorp.com\/en\/news\/#primaryimage"},"thumbnailUrl":"https:\/\/claysoncorp.com\/wp-content\/uploads\/2024\/11\/AdobeStock_58954939_2-scaled.webp","datePublished":"2023-07-19T10:40:26+00:00","dateModified":"2024-11-21T13:05:07+00:00","breadcrumb":{"@id":"https:\/\/claysoncorp.com\/en\/news\/#breadcrumb"},"inLanguage":"en-US","potentialAction":[{"@type":"ReadAction","target":["https:\/\/claysoncorp.com\/en\/news\/"]}]},{"@type":"ImageObject","inLanguage":"en-US","@id":"https:\/\/claysoncorp.com\/en\/news\/#primaryimage","url":"https:\/\/claysoncorp.com\/wp-content\/uploads\/2024\/11\/AdobeStock_58954939_2-scaled.webp","contentUrl":"https:\/\/claysoncorp.com\/wp-content\/uploads\/2024\/11\/AdobeStock_58954939_2-scaled.webp","width":2560,"height":1051},{"@type":"BreadcrumbList","@id":"https:\/\/claysoncorp.com\/en\/news\/#breadcrumb","itemListElement":[{"@type":"ListItem","position":1,"name":"Accueil","item":"https:\/\/claysoncorp.com\/en\/"},{"@type":"ListItem","position":2,"name":"News"}]},{"@type":"WebSite","@id":"https:\/\/claysoncorp.com\/#website","url":"https:\/\/claysoncorp.com\/","name":"Clayson \u00c9comineral inc.","description":"R\u00e9inventer le b\u00e9ton avec un ciment plus responsable","publisher":{"@id":"https:\/\/claysoncorp.com\/#organization"},"potentialAction":[{"@type":"SearchAction","target":{"@type":"EntryPoint","urlTemplate":"https:\/\/claysoncorp.com\/?s={search_term_string}"},"query-input":{"@type":"PropertyValueSpecification","valueRequired":true,"valueName":"search_term_string"}}],"inLanguage":"en-US"},{"@type":"Organization","@id":"https:\/\/claysoncorp.com\/#organization","name":"Clayson \u00c9comineral inc.","url":"https:\/\/claysoncorp.com\/","logo":{"@type":"ImageObject","inLanguage":"en-US","@id":"https:\/\/claysoncorp.com\/#\/schema\/logo\/image\/","url":"https:\/\/claysoncorp.com\/wp-content\/uploads\/2023\/07\/Clayson_Ecomineral-Brand-FR.svg","contentUrl":"https:\/\/claysoncorp.com\/wp-content\/uploads\/2023\/07\/Clayson_Ecomineral-Brand-FR.svg","width":1296,"height":576,"caption":"Clayson \u00c9comineral inc."},"image":{"@id":"https:\/\/claysoncorp.com\/#\/schema\/logo\/image\/"}}]}},"_links":{"self":[{"href":"https:\/\/claysoncorp.com\/en\/wp-json\/wp\/v2\/pages\/1240","targetHints":{"allow":["GET"]}}],"collection":[{"href":"https:\/\/claysoncorp.com\/en\/wp-json\/wp\/v2\/pages"}],"about":[{"href":"https:\/\/claysoncorp.com\/en\/wp-json\/wp\/v2\/types\/page"}],"author":[{"embeddable":true,"href":"https:\/\/claysoncorp.com\/en\/wp-json\/wp\/v2\/users\/1"}],"replies":[{"embeddable":true,"href":"https:\/\/claysoncorp.com\/en\/wp-json\/wp\/v2\/comments?post=1240"}],"version-history":[{"count":3,"href":"https:\/\/claysoncorp.com\/en\/wp-json\/wp\/v2\/pages\/1240\/revisions"}],"predecessor-version":[{"id":1243,"href":"https:\/\/claysoncorp.com\/en\/wp-json\/wp\/v2\/pages\/1240\/revisions\/1243"}],"wp:featuredmedia":[{"embeddable":true,"href":"https:\/\/claysoncorp.com\/en\/wp-json\/wp\/v2\/media\/1172"}],"wp:attachment":[{"href":"https:\/\/claysoncorp.com\/en\/wp-json\/wp\/v2\/media?parent=1240"}],"curies":[{"name":"wp","href":"https:\/\/api.w.org\/{rel}","templated":true}]}}