{"id":1246,"date":"2023-07-19T10:40:41","date_gmt":"2023-07-19T10:40:41","guid":{"rendered":"https:\/\/claysoncorp.com\/contact\/"},"modified":"2024-11-22T12:23:11","modified_gmt":"2024-11-22T12:23:11","slug":"contact","status":"publish","type":"page","link":"https:\/\/claysoncorp.com\/en\/contact\/","title":{"rendered":"Contact"},"content":{"rendered":"\t\t<div data-elementor-type=\"wp-page\" data-elementor-id=\"1246\" class=\"elementor elementor-1246 elementor-68\" data-elementor-post-type=\"page\">\n\t\t\t\t\t\t<section class=\"elementor-section elementor-top-section elementor-element elementor-element-9a947d8 elementor-section-boxed elementor-section-height-default elementor-section-height-default\" data-id=\"9a947d8\" data-element_type=\"section\" data-e-type=\"section\" data-settings=\"{&quot;jet_parallax_layout_list&quot;:[]}\">\n\t\t\t\t\t\t<div class=\"elementor-container elementor-column-gap-default\">\n\t\t\t\t\t<div class=\"elementor-column elementor-col-100 elementor-top-column elementor-element elementor-element-6bf9b5b\" data-id=\"6bf9b5b\" data-element_type=\"column\" data-e-type=\"column\">\n\t\t\t<div class=\"elementor-widget-wrap elementor-element-populated\">\n\t\t\t\t\t\t<div class=\"elementor-element elementor-element-a4fcea1 elementor-widget elementor-widget-heading\" data-id=\"a4fcea1\" data-element_type=\"widget\" data-e-type=\"widget\" data-widget_type=\"heading.default\">\n\t\t\t\t<div class=\"elementor-widget-container\">\n\t\t\t\t\t<h2 class=\"elementor-heading-title elementor-size-default\">How to reach us<\/h2>\t\t\t\t<\/div>\n\t\t\t\t<\/div>\n\t\t\t\t<div class=\"elementor-element elementor-element-b3b72da elementor-widget elementor-widget-text-editor\" data-id=\"b3b72da\" data-element_type=\"widget\" data-e-type=\"widget\" data-widget_type=\"text-editor.default\">\n\t\t\t\t<div class=\"elementor-widget-container\">\n\t\t\t\t\t\t\t\t\t<p>Do you have any questions about our products or would you like to find out more about our commitment to a sustainable future? The Clayson \u00c9comin\u00e9ral team is at your disposal to answer any questions you may have. Don&#8217;t hesitate to contact us, we&#8217;ll be delighted to help you.<\/p>\n\t\t\t\t\t\t\t\t<\/div>\n\t\t\t\t<\/div>\n\t\t\t\t\t<\/div>\n\t\t<\/div>\n\t\t\t\t\t<\/div>\n\t\t<\/section>\n\t\t\t\t<section class=\"elementor-section elementor-top-section elementor-element elementor-element-de2b71c elementor-section-boxed elementor-section-height-default elementor-section-height-default\" data-id=\"de2b71c\" data-element_type=\"section\" data-e-type=\"section\" data-settings=\"{&quot;jet_parallax_layout_list&quot;:[],&quot;background_background&quot;:&quot;classic&quot;}\">\n\t\t\t\t\t\t<div class=\"elementor-container elementor-column-gap-default\">\n\t\t\t\t\t<div class=\"elementor-column elementor-col-100 elementor-top-column elementor-element elementor-element-f1c492f\" data-id=\"f1c492f\" data-element_type=\"column\" data-e-type=\"column\">\n\t\t\t<div class=\"elementor-widget-wrap elementor-element-populated\">\n\t\t\t\t\t\t<div class=\"elementor-element elementor-element-fc2f0cb elementor-widget elementor-widget-spacer\" data-id=\"fc2f0cb\" data-element_type=\"widget\" data-e-type=\"widget\" data-widget_type=\"spacer.default\">\n\t\t\t\t<div class=\"elementor-widget-container\">\n\t\t\t\t\t\t\t<div class=\"elementor-spacer\">\n\t\t\t<div class=\"elementor-spacer-inner\"><\/div>\n\t\t<\/div>\n\t\t\t\t\t\t<\/div>\n\t\t\t\t<\/div>\n\t\t\t\t<div class=\"elementor-element elementor-element-cb8b9b5 elementor-button-align-center elementor-widget elementor-widget-form\" data-id=\"cb8b9b5\" data-element_type=\"widget\" data-e-type=\"widget\" data-settings=\"{&quot;step_next_label&quot;:&quot;Next&quot;,&quot;step_previous_label&quot;:&quot;Previous&quot;,&quot;step_type&quot;:&quot;number_text&quot;,&quot;step_icon_shape&quot;:&quot;circle&quot;}\" data-widget_type=\"form.default\">\n\t\t\t\t<div class=\"elementor-widget-container\">\n\t\t\t\t\t\t\t<form class=\"elementor-form\" method=\"post\" name=\"Nouveau formulaire\" aria-label=\"Nouveau formulaire\">\n\t\t\t<input type=\"hidden\" name=\"post_id\" value=\"1246\"\/>\n\t\t\t<input type=\"hidden\" name=\"form_id\" value=\"cb8b9b5\"\/>\n\t\t\t<input type=\"hidden\" name=\"referer_title\" value=\"Contact - Clayson \u00c9comineral inc.\" \/>\n\n\t\t\t\t\t\t\t<input type=\"hidden\" name=\"queried_id\" value=\"1246\"\/>\n\t\t\t\n\t\t\t<div class=\"elementor-form-fields-wrapper elementor-labels-above\">\n\t\t\t\t\t\t\t\t<div class=\"elementor-field-type-text elementor-field-group elementor-column elementor-field-group-name elementor-col-100\">\n\t\t\t\t\t\t\t\t\t\t\t\t<label for=\"form-field-name\" class=\"elementor-field-label\">\n\t\t\t\t\t\t\t\tName\t\t\t\t\t\t\t<\/label>\n\t\t\t\t\t\t\t\t\t\t\t\t\t\t<input size=\"1\" type=\"text\" name=\"form_fields[name]\" id=\"form-field-name\" class=\"elementor-field elementor-size-sm  elementor-field-textual\" placeholder=\"Name\">\n\t\t\t\t\t\t\t\t\t\t\t<\/div>\n\t\t\t\t\t\t\t\t<div class=\"elementor-field-type-email elementor-field-group elementor-column elementor-field-group-email elementor-col-100 elementor-field-required elementor-mark-required\">\n\t\t\t\t\t\t\t\t\t\t\t\t<label for=\"form-field-email\" class=\"elementor-field-label\">\n\t\t\t\t\t\t\t\tE-mail\t\t\t\t\t\t\t<\/label>\n\t\t\t\t\t\t\t\t\t\t\t\t\t\t<input size=\"1\" type=\"email\" name=\"form_fields[email]\" id=\"form-field-email\" class=\"elementor-field elementor-size-sm  elementor-field-textual\" placeholder=\"E-mail\" required=\"required\">\n\t\t\t\t\t\t\t\t\t\t\t<\/div>\n\t\t\t\t\t\t\t\t<div class=\"elementor-field-type-textarea elementor-field-group elementor-column elementor-field-group-message elementor-col-100\">\n\t\t\t\t\t\t\t\t\t\t\t\t<label for=\"form-field-message\" class=\"elementor-field-label\">\n\t\t\t\t\t\t\t\tMessage\t\t\t\t\t\t\t<\/label>\n\t\t\t\t\t\t<textarea class=\"elementor-field-textual elementor-field  elementor-size-sm\" name=\"form_fields[message]\" id=\"form-field-message\" rows=\"4\" placeholder=\"Message\"><\/textarea>\t\t\t\t<\/div>\n\t\t\t\t\t\t\t\t<div class=\"elementor-field-group elementor-column elementor-field-type-submit elementor-col-100 e-form__buttons\">\n\t\t\t\t\t<button class=\"elementor-button elementor-size-md elementor-animation-push\" type=\"submit\">\n\t\t\t\t\t\t<span class=\"elementor-button-content-wrapper\">\n\t\t\t\t\t\t\t\t\t\t\t\t\t\t\t\t\t\t\t\t\t\t<span class=\"elementor-button-text\">Send<\/span>\n\t\t\t\t\t\t\t\t\t\t\t\t\t<\/span>\n\t\t\t\t\t<\/button>\n\t\t\t\t<\/div>\n\t\t\t<\/div>\n\t\t<\/form>\n\t\t\t\t\t\t<\/div>\n\t\t\t\t<\/div>\n\t\t\t\t\t<\/div>\n\t\t<\/div>\n\t\t\t\t\t<\/div>\n\t\t<\/section>\n\t\t\t\t<section class=\"elementor-section elementor-top-section elementor-element elementor-element-541bad8 elementor-section-boxed elementor-section-height-default elementor-section-height-default\" data-id=\"541bad8\" data-element_type=\"section\" data-e-type=\"section\" data-settings=\"{&quot;jet_parallax_layout_list&quot;:[],&quot;background_background&quot;:&quot;classic&quot;}\">\n\t\t\t\t\t\t<div class=\"elementor-container elementor-column-gap-default\">\n\t\t\t\t\t<div class=\"elementor-column elementor-col-100 elementor-top-column elementor-element elementor-element-660d256\" data-id=\"660d256\" data-element_type=\"column\" data-e-type=\"column\">\n\t\t\t<div class=\"elementor-widget-wrap elementor-element-populated\">\n\t\t\t\t\t\t<div class=\"elementor-element elementor-element-94254dd elementor-hidden-mobile elementor-widget elementor-widget-spacer\" data-id=\"94254dd\" data-element_type=\"widget\" data-e-type=\"widget\" data-widget_type=\"spacer.default\">\n\t\t\t\t<div class=\"elementor-widget-container\">\n\t\t\t\t\t\t\t<div class=\"elementor-spacer\">\n\t\t\t<div class=\"elementor-spacer-inner\"><\/div>\n\t\t<\/div>\n\t\t\t\t\t\t<\/div>\n\t\t\t\t<\/div>\n\t\t\t\t<section class=\"elementor-section elementor-inner-section elementor-element elementor-element-78be7aa elementor-section-boxed elementor-section-height-default elementor-section-height-default\" data-id=\"78be7aa\" data-element_type=\"section\" data-e-type=\"section\" data-settings=\"{&quot;jet_parallax_layout_list&quot;:[]}\">\n\t\t\t\t\t\t<div class=\"elementor-container elementor-column-gap-default\">\n\t\t\t\t\t<div class=\"elementor-column elementor-col-50 elementor-inner-column elementor-element elementor-element-e5f0ba8\" data-id=\"e5f0ba8\" data-element_type=\"column\" data-e-type=\"column\">\n\t\t\t<div class=\"elementor-widget-wrap elementor-element-populated\">\n\t\t\t\t\t\t<div class=\"elementor-element elementor-element-70db066 elementor-widget elementor-widget-text-editor\" data-id=\"70db066\" data-element_type=\"widget\" data-e-type=\"widget\" data-widget_type=\"text-editor.default\">\n\t\t\t\t<div class=\"elementor-widget-container\">\n\t\t\t\t\t\t\t\t\t<p>CLAYSON Ecomineral inc.<\/p>\n<p>Matane, Qu\u00e9bec<br \/>Canada<\/p>\n\t\t\t\t\t\t\t\t<\/div>\n\t\t\t\t<\/div>\n\t\t\t\t\t<\/div>\n\t\t<\/div>\n\t\t\t\t<div class=\"elementor-column elementor-col-50 elementor-inner-column elementor-element elementor-element-1fc493f\" data-id=\"1fc493f\" data-element_type=\"column\" data-e-type=\"column\">\n\t\t\t<div class=\"elementor-widget-wrap\">\n\t\t\t\t\t\t\t<\/div>\n\t\t<\/div>\n\t\t\t\t\t<\/div>\n\t\t<\/section>\n\t\t\t\t\t<\/div>\n\t\t<\/div>\n\t\t\t\t\t<\/div>\n\t\t<\/section>\n\t\t\t\t<\/div>\n\t\t","protected":false},"excerpt":{"rendered":"<p>How to reach us Do you have any questions about our products or would you like to find out more about our commitment to a sustainable future? The Clayson \u00c9comin\u00e9ral team is at your disposal to answer any questions you may have. Don&#8217;t hesitate to contact us, we&#8217;ll be delighted to help you. CLAYSON Ecomineral [&hellip;]<\/p>\n","protected":false},"author":1,"featured_media":1168,"parent":0,"menu_order":0,"comment_status":"closed","ping_status":"closed","template":"","meta":{"footnotes":""},"class_list":["post-1246","page","type-page","status-publish","has-post-thumbnail","hentry"],"yoast_head":"<!-- This site is optimized with the Yoast SEO plugin v27.4 - https:\/\/yoast.com\/product\/yoast-seo-wordpress\/ -->\n<title>Contact - Clayson \u00c9comineral inc.<\/title>\n<meta name=\"robots\" content=\"index, follow, max-snippet:-1, max-image-preview:large, max-video-preview:-1\" \/>\n<link rel=\"canonical\" href=\"https:\/\/claysoncorp.com\/en\/contact\/\" \/>\n<meta property=\"og:locale\" content=\"en_US\" \/>\n<meta property=\"og:type\" content=\"article\" \/>\n<meta property=\"og:title\" content=\"Contact - Clayson \u00c9comineral inc.\" \/>\n<meta property=\"og:description\" content=\"How to reach us Do you have any questions about our products or would you like to find out more about our commitment to a sustainable future? The Clayson \u00c9comin\u00e9ral team is at your disposal to answer any questions you may have. Don&#8217;t hesitate to contact us, we&#8217;ll be delighted to help you. CLAYSON Ecomineral [&hellip;]\" \/>\n<meta property=\"og:url\" content=\"https:\/\/claysoncorp.com\/en\/contact\/\" \/>\n<meta property=\"og:site_name\" content=\"Clayson \u00c9comineral inc.\" \/>\n<meta property=\"article:modified_time\" content=\"2024-11-22T12:23:11+00:00\" \/>\n<meta property=\"og:image\" content=\"https:\/\/claysoncorp.com\/wp-content\/uploads\/2024\/11\/AdobeStock_364850967-scaled.webp\" \/>\n\t<meta property=\"og:image:width\" content=\"2560\" \/>\n\t<meta property=\"og:image:height\" content=\"711\" \/>\n\t<meta property=\"og:image:type\" content=\"image\/webp\" \/>\n<meta name=\"twitter:card\" content=\"summary_large_image\" \/>\n<script type=\"application\/ld+json\" class=\"yoast-schema-graph\">{\"@context\":\"https:\\\/\\\/schema.org\",\"@graph\":[{\"@type\":\"WebPage\",\"@id\":\"https:\\\/\\\/claysoncorp.com\\\/en\\\/contact\\\/\",\"url\":\"https:\\\/\\\/claysoncorp.com\\\/en\\\/contact\\\/\",\"name\":\"Contact - Clayson \u00c9comineral inc.\",\"isPartOf\":{\"@id\":\"https:\\\/\\\/claysoncorp.com\\\/#website\"},\"primaryImageOfPage\":{\"@id\":\"https:\\\/\\\/claysoncorp.com\\\/en\\\/contact\\\/#primaryimage\"},\"image\":{\"@id\":\"https:\\\/\\\/claysoncorp.com\\\/en\\\/contact\\\/#primaryimage\"},\"thumbnailUrl\":\"https:\\\/\\\/claysoncorp.com\\\/wp-content\\\/uploads\\\/2024\\\/11\\\/AdobeStock_364850967-scaled.webp\",\"datePublished\":\"2023-07-19T10:40:41+00:00\",\"dateModified\":\"2024-11-22T12:23:11+00:00\",\"breadcrumb\":{\"@id\":\"https:\\\/\\\/claysoncorp.com\\\/en\\\/contact\\\/#breadcrumb\"},\"inLanguage\":\"en-US\",\"potentialAction\":[{\"@type\":\"ReadAction\",\"target\":[\"https:\\\/\\\/claysoncorp.com\\\/en\\\/contact\\\/\"]}]},{\"@type\":\"ImageObject\",\"inLanguage\":\"en-US\",\"@id\":\"https:\\\/\\\/claysoncorp.com\\\/en\\\/contact\\\/#primaryimage\",\"url\":\"https:\\\/\\\/claysoncorp.com\\\/wp-content\\\/uploads\\\/2024\\\/11\\\/AdobeStock_364850967-scaled.webp\",\"contentUrl\":\"https:\\\/\\\/claysoncorp.com\\\/wp-content\\\/uploads\\\/2024\\\/11\\\/AdobeStock_364850967-scaled.webp\",\"width\":2560,\"height\":711},{\"@type\":\"BreadcrumbList\",\"@id\":\"https:\\\/\\\/claysoncorp.com\\\/en\\\/contact\\\/#breadcrumb\",\"itemListElement\":[{\"@type\":\"ListItem\",\"position\":1,\"name\":\"Accueil\",\"item\":\"https:\\\/\\\/claysoncorp.com\\\/en\\\/\"},{\"@type\":\"ListItem\",\"position\":2,\"name\":\"Contact\"}]},{\"@type\":\"WebSite\",\"@id\":\"https:\\\/\\\/claysoncorp.com\\\/#website\",\"url\":\"https:\\\/\\\/claysoncorp.com\\\/\",\"name\":\"Clayson \u00c9comineral inc.\",\"description\":\"R\u00e9inventer le b\u00e9ton avec un ciment plus responsable\",\"publisher\":{\"@id\":\"https:\\\/\\\/claysoncorp.com\\\/#organization\"},\"potentialAction\":[{\"@type\":\"SearchAction\",\"target\":{\"@type\":\"EntryPoint\",\"urlTemplate\":\"https:\\\/\\\/claysoncorp.com\\\/?s={search_term_string}\"},\"query-input\":{\"@type\":\"PropertyValueSpecification\",\"valueRequired\":true,\"valueName\":\"search_term_string\"}}],\"inLanguage\":\"en-US\"},{\"@type\":\"Organization\",\"@id\":\"https:\\\/\\\/claysoncorp.com\\\/#organization\",\"name\":\"Clayson \u00c9comineral inc.\",\"url\":\"https:\\\/\\\/claysoncorp.com\\\/\",\"logo\":{\"@type\":\"ImageObject\",\"inLanguage\":\"en-US\",\"@id\":\"https:\\\/\\\/claysoncorp.com\\\/#\\\/schema\\\/logo\\\/image\\\/\",\"url\":\"https:\\\/\\\/claysoncorp.com\\\/wp-content\\\/uploads\\\/2023\\\/07\\\/Clayson_Ecomineral-Brand-FR.svg\",\"contentUrl\":\"https:\\\/\\\/claysoncorp.com\\\/wp-content\\\/uploads\\\/2023\\\/07\\\/Clayson_Ecomineral-Brand-FR.svg\",\"width\":1296,\"height\":576,\"caption\":\"Clayson \u00c9comineral inc.\"},\"image\":{\"@id\":\"https:\\\/\\\/claysoncorp.com\\\/#\\\/schema\\\/logo\\\/image\\\/\"}}]}<\/script>\n<!-- \/ Yoast SEO plugin. -->","yoast_head_json":{"title":"Contact - Clayson \u00c9comineral inc.","robots":{"index":"index","follow":"follow","max-snippet":"max-snippet:-1","max-image-preview":"max-image-preview:large","max-video-preview":"max-video-preview:-1"},"canonical":"https:\/\/claysoncorp.com\/en\/contact\/","og_locale":"en_US","og_type":"article","og_title":"Contact - Clayson \u00c9comineral inc.","og_description":"How to reach us Do you have any questions about our products or would you like to find out more about our commitment to a sustainable future? The Clayson \u00c9comin\u00e9ral team is at your disposal to answer any questions you may have. Don&#8217;t hesitate to contact us, we&#8217;ll be delighted to help you. CLAYSON Ecomineral [&hellip;]","og_url":"https:\/\/claysoncorp.com\/en\/contact\/","og_site_name":"Clayson \u00c9comineral inc.","article_modified_time":"2024-11-22T12:23:11+00:00","og_image":[{"width":2560,"height":711,"url":"https:\/\/claysoncorp.com\/wp-content\/uploads\/2024\/11\/AdobeStock_364850967-scaled.webp","type":"image\/webp"}],"twitter_card":"summary_large_image","schema":{"@context":"https:\/\/schema.org","@graph":[{"@type":"WebPage","@id":"https:\/\/claysoncorp.com\/en\/contact\/","url":"https:\/\/claysoncorp.com\/en\/contact\/","name":"Contact - Clayson \u00c9comineral inc.","isPartOf":{"@id":"https:\/\/claysoncorp.com\/#website"},"primaryImageOfPage":{"@id":"https:\/\/claysoncorp.com\/en\/contact\/#primaryimage"},"image":{"@id":"https:\/\/claysoncorp.com\/en\/contact\/#primaryimage"},"thumbnailUrl":"https:\/\/claysoncorp.com\/wp-content\/uploads\/2024\/11\/AdobeStock_364850967-scaled.webp","datePublished":"2023-07-19T10:40:41+00:00","dateModified":"2024-11-22T12:23:11+00:00","breadcrumb":{"@id":"https:\/\/claysoncorp.com\/en\/contact\/#breadcrumb"},"inLanguage":"en-US","potentialAction":[{"@type":"ReadAction","target":["https:\/\/claysoncorp.com\/en\/contact\/"]}]},{"@type":"ImageObject","inLanguage":"en-US","@id":"https:\/\/claysoncorp.com\/en\/contact\/#primaryimage","url":"https:\/\/claysoncorp.com\/wp-content\/uploads\/2024\/11\/AdobeStock_364850967-scaled.webp","contentUrl":"https:\/\/claysoncorp.com\/wp-content\/uploads\/2024\/11\/AdobeStock_364850967-scaled.webp","width":2560,"height":711},{"@type":"BreadcrumbList","@id":"https:\/\/claysoncorp.com\/en\/contact\/#breadcrumb","itemListElement":[{"@type":"ListItem","position":1,"name":"Accueil","item":"https:\/\/claysoncorp.com\/en\/"},{"@type":"ListItem","position":2,"name":"Contact"}]},{"@type":"WebSite","@id":"https:\/\/claysoncorp.com\/#website","url":"https:\/\/claysoncorp.com\/","name":"Clayson \u00c9comineral inc.","description":"R\u00e9inventer le b\u00e9ton avec un ciment plus responsable","publisher":{"@id":"https:\/\/claysoncorp.com\/#organization"},"potentialAction":[{"@type":"SearchAction","target":{"@type":"EntryPoint","urlTemplate":"https:\/\/claysoncorp.com\/?s={search_term_string}"},"query-input":{"@type":"PropertyValueSpecification","valueRequired":true,"valueName":"search_term_string"}}],"inLanguage":"en-US"},{"@type":"Organization","@id":"https:\/\/claysoncorp.com\/#organization","name":"Clayson \u00c9comineral inc.","url":"https:\/\/claysoncorp.com\/","logo":{"@type":"ImageObject","inLanguage":"en-US","@id":"https:\/\/claysoncorp.com\/#\/schema\/logo\/image\/","url":"https:\/\/claysoncorp.com\/wp-content\/uploads\/2023\/07\/Clayson_Ecomineral-Brand-FR.svg","contentUrl":"https:\/\/claysoncorp.com\/wp-content\/uploads\/2023\/07\/Clayson_Ecomineral-Brand-FR.svg","width":1296,"height":576,"caption":"Clayson \u00c9comineral inc."},"image":{"@id":"https:\/\/claysoncorp.com\/#\/schema\/logo\/image\/"}}]}},"_links":{"self":[{"href":"https:\/\/claysoncorp.com\/en\/wp-json\/wp\/v2\/pages\/1246","targetHints":{"allow":["GET"]}}],"collection":[{"href":"https:\/\/claysoncorp.com\/en\/wp-json\/wp\/v2\/pages"}],"about":[{"href":"https:\/\/claysoncorp.com\/en\/wp-json\/wp\/v2\/types\/page"}],"author":[{"embeddable":true,"href":"https:\/\/claysoncorp.com\/en\/wp-json\/wp\/v2\/users\/1"}],"replies":[{"embeddable":true,"href":"https:\/\/claysoncorp.com\/en\/wp-json\/wp\/v2\/comments?post=1246"}],"version-history":[{"count":7,"href":"https:\/\/claysoncorp.com\/en\/wp-json\/wp\/v2\/pages\/1246\/revisions"}],"predecessor-version":[{"id":1340,"href":"https:\/\/claysoncorp.com\/en\/wp-json\/wp\/v2\/pages\/1246\/revisions\/1340"}],"wp:featuredmedia":[{"embeddable":true,"href":"https:\/\/claysoncorp.com\/en\/wp-json\/wp\/v2\/media\/1168"}],"wp:attachment":[{"href":"https:\/\/claysoncorp.com\/en\/wp-json\/wp\/v2\/media?parent=1246"}],"curies":[{"name":"wp","href":"https:\/\/api.w.org\/{rel}","templated":true}]}}