{"id":1248,"date":"2023-07-18T21:18:14","date_gmt":"2023-07-18T21:18:14","guid":{"rendered":"https:\/\/claysoncorp.com\/privacy-policy\/"},"modified":"2024-11-21T13:18:11","modified_gmt":"2024-11-21T13:18:11","slug":"privacy-policy","status":"publish","type":"page","link":"https:\/\/claysoncorp.com\/en\/privacy-policy\/","title":{"rendered":"Privacy Policy"},"content":{"rendered":"\t\t<div data-elementor-type=\"wp-page\" data-elementor-id=\"1248\" class=\"elementor elementor-1248 elementor-3\" data-elementor-post-type=\"page\">\n\t\t\t\t\t\t<section class=\"elementor-section elementor-top-section elementor-element elementor-element-623331dd elementor-section-boxed elementor-section-height-default elementor-section-height-default\" data-id=\"623331dd\" data-element_type=\"section\" data-e-type=\"section\" data-settings=\"{&quot;jet_parallax_layout_list&quot;:[]}\">\n\t\t\t\t\t\t<div class=\"elementor-container elementor-column-gap-default\">\n\t\t\t\t\t<div class=\"elementor-column elementor-col-100 elementor-top-column elementor-element elementor-element-55da9d15\" data-id=\"55da9d15\" data-element_type=\"column\" data-e-type=\"column\">\n\t\t\t<div class=\"elementor-widget-wrap elementor-element-populated\">\n\t\t\t\t\t\t<div class=\"elementor-element elementor-element-3dac2fcb elementor-widget elementor-widget-text-editor\" data-id=\"3dac2fcb\" data-element_type=\"widget\" data-e-type=\"widget\" data-widget_type=\"text-editor.default\">\n\t\t\t\t<div class=\"elementor-widget-container\">\n\t\t\t\t\t\t\t\t\t<p>Last update: 06-11-2024<br>Effective on: 06-11-2024<\/p>\n<p>This Privacy Policy describes the policies of Clayson Ecomin\u00e9ral, 1761, rue des Amarantes, Qu\u00e9bec J3L 4Z8, Canada, e-mail: <a href=\"mailto:info@claysoncorp.com\">info@claysoncorp.com,<\/a> regarding the collection, use and disclosure of information that we collect when you use our website <a href=\"http:\/\/www.claysoncorp.com\">www.claysoncorp.com<\/a> (&#8220;the Service&#8221;). By accessing or using the Service, you consent to the collection, use and disclosure of your information in accordance with this Privacy Policy. If you do not agree, please do not access or use the Service. We may change this Privacy Policy at any time without notice and will post the revised Privacy Policy on the Service.<\/p>\n<h4>The information we collect :<\/h4>\n<p>We will collect and process the following personal information about you: <br>\u25a0 Name and surname <br>\u25a0 E-mail <br>\u25a0 Browser settings<\/p>\n<h4>How we use your information :<\/h4>\n<p>The information collected will be used for the following purposes: <br>1. commercial and\/or advertising purposes <br>2. Sending communications and\/or promotions <br>3. Collecting customer feedback <br>4. Visitor statistics<\/p>\n<p>If we wish to use this information for other purposes, we will ask for your consent and will use your information only after receiving your consent and then only for the purposes for which you give us your consent, unless we are required by law to do otherwise.<\/p>\n<h4>Keeping your information :<\/h4>\n<p>We will keep your personal information with us for 90 days to 2 years after a user account is inactive or for as long as we need it to fulfill the purposes for which it was collected, as detailed in this Privacy Policy. We may need to retain certain information for longer periods, such as record keeping\/reporting in accordance with applicable law or for other legitimate reasons such as enforcement of legal rights, fraud prevention, etc. Residual anonymous information and aggregate information, none of which identifies you (directly or indirectly), may be stored indefinitely.<\/p>\n<h4>Your rights :<\/h4>\n<p>Depending on the applicable law, you may have a right to access and rectify or erase your personal data or receive a copy of your personal data, restrict or object to the active processing of your data, ask us to share (port) your personal data to another entity, withdraw any consent you have provided to us to process your data, the right to lodge a complaint with a statutory authority and any other rights that may be relevant under applicable laws. To exercise these rights, please write to the person responsible for personal information, Jo\u00ebl Fournier, President of Clayon Ecomin\u00e9ral, at the following e-mail address: <a href=\"mailto:info@claysoncorp.com\">info@claysoncorp.com.<\/a> We will respond to your request in accordance with applicable law.<\/p>\n<p>Please note that if you do not authorize us to collect or process the personal information requested or if you withdraw consent to its processing for the purposes requested, you may not be able to access or use the services for which your information was sought.<\/p>\n<h4>Cookies, etc. :<\/h4>\n<p>To find out more about how we use them and your choices regarding these tracking technologies, please refer to our <a href=\"http:\/\/claysoncorp.com\/politique-relative-aux-cookies\/\">Cookie Policy<\/a>.<\/p>\n<h4>Safety :<\/h4>\n<p>The security of your information is important to us and we will use reasonable security measures to prevent the loss, misuse or unauthorized alteration of the information under our control. However, given the inherent risks, we cannot guarantee absolute security and, therefore, we cannot ensure or warrant the security of any information you transmit to us and you do so at your own risk.<\/p>\n<h4>Third-party links and use of your information :<\/h4>\n<p>Our Service may contain links to other websites that are not operated by us. This Privacy Policy does not address the privacy policy and other practices of third parties, including any third party operating a website or service that may be accessible via a link on the Service. We strongly advise you to consult the privacy policy of each site you visit. We have no control over, and assume no responsibility for, the content, privacy policies or practices of any third-party site or service.<\/p>\n<p>In some cases, Clayson Ecomin\u00e9ral transfers personal data on the basis of economic and technical benefits associated with the following uses: <br>\u25cf Google Analytics. The website collects information about your browsing. The company operating Google Analytics is Google LLC 1600 Amphitheatre Parkway, Mountain View, California 94043, USA. The user can consult the privacy policy and other legal aspects of the said company via the following link: https: <a href=\"https:\/\/policies.google.com\/privacy\">\/\/policies.google.com\/privacy.<\/a> <br>\u25cf Facebook and Instagram. The website contains links to Facebook and Instagram. The user may consult the privacy policy of Meta Platforms Inc. and other legal aspects of said company via the following link: https: <a href=\"https:\/\/www.facebook.com\/privacy\/policy\/\">\/\/www.facebook.com\/privacy\/policy\/.<\/a> <br>\u25cf YouTube. The website contains links to YouTube. The user can consult the privacy policy of Google LLC and other legal aspects of the aforementioned company via the following link: https: <a href=\"https:\/\/support.google.com\/youtube\/answer\/10364219?hl=fr#zippy=%2Cyoutube-vend-il-mes-informations-personnelles\">\/\/support.google.com\/youtube\/answer\/10364219?hl=fr#zippy=%2Cyoutube-vend-il-mes-informations-personnelles.<\/a><\/p>\n<p>The user&#8217;s personal data collected by Clayson Ecomin\u00e9ral will not be transferred, sold, exchanged, transmitted and\/or communicated to third parties outside Clayson Ecomin\u00e9ral without the user&#8217;s consent, unless required by law and\/or for the purpose of providing services to the user. This does not include certain employees and service providers who enable Clayson Ecomin\u00e9ral to maintain the site in operation, to comply with the purposes set out in this privacy policy and\/or to provide services to the user, who have assumed the obligation to maintain the confidentiality of the data provided and undertake to comply with the applicable regulations on the protection of personal data, at the time of employment. <\/p>\n<h4>Responsible for the protection of personal information :<\/h4>\n<p>If you have any questions or concerns about our handling of your information, you can send an e-mail to our Privacy Officer, Jo\u00ebl Fournier, President of Clayson Ecomin\u00e9ral, 1761, rue des Amarantes, Qu\u00e9bec J3L 4Z8, Canada, e-mail: <a href=\"mailto:info@claysoncorp.com\">info@claysoncorp.com.<\/a> We will respond to your concerns in accordance with applicable law within 30 days of receiving your e-mail.<\/p>\t\t\t\t\t\t\t\t<\/div>\n\t\t\t\t<\/div>\n\t\t\t\t\t<\/div>\n\t\t<\/div>\n\t\t\t\t\t<\/div>\n\t\t<\/section>\n\t\t\t\t<\/div>\n\t\t","protected":false},"excerpt":{"rendered":"<p>Last update: 06-11-2024Effective on: 06-11-2024 This Privacy Policy describes the policies of Clayson Ecomin\u00e9ral, 1761, rue des Amarantes, Qu\u00e9bec J3L 4Z8, Canada, e-mail: info@claysoncorp.com, regarding the collection, use and disclosure of information that we collect when you use our website www.claysoncorp.com (&#8220;the Service&#8221;). By accessing or using the Service, you consent to the collection, use [&hellip;]<\/p>\n","protected":false},"author":1,"featured_media":0,"parent":0,"menu_order":0,"comment_status":"closed","ping_status":"open","template":"","meta":{"footnotes":""},"class_list":["post-1248","page","type-page","status-publish","hentry"],"yoast_head":"<!-- This site is optimized with the Yoast SEO plugin v27.4 - https:\/\/yoast.com\/product\/yoast-seo-wordpress\/ -->\n<title>Privacy Policy - Clayson \u00c9comineral inc.<\/title>\n<meta name=\"robots\" content=\"index, follow, max-snippet:-1, max-image-preview:large, max-video-preview:-1\" \/>\n<link rel=\"canonical\" href=\"https:\/\/claysoncorp.com\/en\/privacy-policy\/\" \/>\n<meta property=\"og:locale\" content=\"en_US\" \/>\n<meta property=\"og:type\" content=\"article\" \/>\n<meta property=\"og:title\" content=\"Privacy Policy - Clayson \u00c9comineral inc.\" \/>\n<meta property=\"og:description\" content=\"Last update: 06-11-2024Effective on: 06-11-2024 This Privacy Policy describes the policies of Clayson Ecomin\u00e9ral, 1761, rue des Amarantes, Qu\u00e9bec J3L 4Z8, Canada, e-mail: info@claysoncorp.com, regarding the collection, use and disclosure of information that we collect when you use our website www.claysoncorp.com (&#8220;the Service&#8221;). By accessing or using the Service, you consent to the collection, use [&hellip;]\" \/>\n<meta property=\"og:url\" content=\"https:\/\/claysoncorp.com\/en\/privacy-policy\/\" \/>\n<meta property=\"og:site_name\" content=\"Clayson \u00c9comineral inc.\" \/>\n<meta property=\"article:modified_time\" content=\"2024-11-21T13:18:11+00:00\" \/>\n<meta name=\"twitter:card\" content=\"summary_large_image\" \/>\n<meta name=\"twitter:label1\" content=\"Est. reading time\" \/>\n\t<meta name=\"twitter:data1\" content=\"5 minutes\" \/>\n<script type=\"application\/ld+json\" class=\"yoast-schema-graph\">{\"@context\":\"https:\\\/\\\/schema.org\",\"@graph\":[{\"@type\":\"WebPage\",\"@id\":\"https:\\\/\\\/claysoncorp.com\\\/en\\\/privacy-policy\\\/\",\"url\":\"https:\\\/\\\/claysoncorp.com\\\/en\\\/privacy-policy\\\/\",\"name\":\"Privacy Policy - Clayson \u00c9comineral inc.\",\"isPartOf\":{\"@id\":\"https:\\\/\\\/claysoncorp.com\\\/#website\"},\"datePublished\":\"2023-07-18T21:18:14+00:00\",\"dateModified\":\"2024-11-21T13:18:11+00:00\",\"breadcrumb\":{\"@id\":\"https:\\\/\\\/claysoncorp.com\\\/en\\\/privacy-policy\\\/#breadcrumb\"},\"inLanguage\":\"en-US\",\"potentialAction\":[{\"@type\":\"ReadAction\",\"target\":[\"https:\\\/\\\/claysoncorp.com\\\/en\\\/privacy-policy\\\/\"]}]},{\"@type\":\"BreadcrumbList\",\"@id\":\"https:\\\/\\\/claysoncorp.com\\\/en\\\/privacy-policy\\\/#breadcrumb\",\"itemListElement\":[{\"@type\":\"ListItem\",\"position\":1,\"name\":\"Accueil\",\"item\":\"https:\\\/\\\/claysoncorp.com\\\/en\\\/\"},{\"@type\":\"ListItem\",\"position\":2,\"name\":\"Privacy Policy\"}]},{\"@type\":\"WebSite\",\"@id\":\"https:\\\/\\\/claysoncorp.com\\\/#website\",\"url\":\"https:\\\/\\\/claysoncorp.com\\\/\",\"name\":\"Clayson \u00c9comineral inc.\",\"description\":\"R\u00e9inventer le b\u00e9ton avec un ciment plus responsable\",\"publisher\":{\"@id\":\"https:\\\/\\\/claysoncorp.com\\\/#organization\"},\"potentialAction\":[{\"@type\":\"SearchAction\",\"target\":{\"@type\":\"EntryPoint\",\"urlTemplate\":\"https:\\\/\\\/claysoncorp.com\\\/?s={search_term_string}\"},\"query-input\":{\"@type\":\"PropertyValueSpecification\",\"valueRequired\":true,\"valueName\":\"search_term_string\"}}],\"inLanguage\":\"en-US\"},{\"@type\":\"Organization\",\"@id\":\"https:\\\/\\\/claysoncorp.com\\\/#organization\",\"name\":\"Clayson \u00c9comineral inc.\",\"url\":\"https:\\\/\\\/claysoncorp.com\\\/\",\"logo\":{\"@type\":\"ImageObject\",\"inLanguage\":\"en-US\",\"@id\":\"https:\\\/\\\/claysoncorp.com\\\/#\\\/schema\\\/logo\\\/image\\\/\",\"url\":\"https:\\\/\\\/claysoncorp.com\\\/wp-content\\\/uploads\\\/2023\\\/07\\\/Clayson_Ecomineral-Brand-FR.svg\",\"contentUrl\":\"https:\\\/\\\/claysoncorp.com\\\/wp-content\\\/uploads\\\/2023\\\/07\\\/Clayson_Ecomineral-Brand-FR.svg\",\"width\":1296,\"height\":576,\"caption\":\"Clayson \u00c9comineral inc.\"},\"image\":{\"@id\":\"https:\\\/\\\/claysoncorp.com\\\/#\\\/schema\\\/logo\\\/image\\\/\"}}]}<\/script>\n<!-- \/ Yoast SEO plugin. -->","yoast_head_json":{"title":"Privacy Policy - Clayson \u00c9comineral inc.","robots":{"index":"index","follow":"follow","max-snippet":"max-snippet:-1","max-image-preview":"max-image-preview:large","max-video-preview":"max-video-preview:-1"},"canonical":"https:\/\/claysoncorp.com\/en\/privacy-policy\/","og_locale":"en_US","og_type":"article","og_title":"Privacy Policy - Clayson \u00c9comineral inc.","og_description":"Last update: 06-11-2024Effective on: 06-11-2024 This Privacy Policy describes the policies of Clayson Ecomin\u00e9ral, 1761, rue des Amarantes, Qu\u00e9bec J3L 4Z8, Canada, e-mail: info@claysoncorp.com, regarding the collection, use and disclosure of information that we collect when you use our website www.claysoncorp.com (&#8220;the Service&#8221;). By accessing or using the Service, you consent to the collection, use [&hellip;]","og_url":"https:\/\/claysoncorp.com\/en\/privacy-policy\/","og_site_name":"Clayson \u00c9comineral inc.","article_modified_time":"2024-11-21T13:18:11+00:00","twitter_card":"summary_large_image","twitter_misc":{"Est. reading time":"5 minutes"},"schema":{"@context":"https:\/\/schema.org","@graph":[{"@type":"WebPage","@id":"https:\/\/claysoncorp.com\/en\/privacy-policy\/","url":"https:\/\/claysoncorp.com\/en\/privacy-policy\/","name":"Privacy Policy - Clayson \u00c9comineral inc.","isPartOf":{"@id":"https:\/\/claysoncorp.com\/#website"},"datePublished":"2023-07-18T21:18:14+00:00","dateModified":"2024-11-21T13:18:11+00:00","breadcrumb":{"@id":"https:\/\/claysoncorp.com\/en\/privacy-policy\/#breadcrumb"},"inLanguage":"en-US","potentialAction":[{"@type":"ReadAction","target":["https:\/\/claysoncorp.com\/en\/privacy-policy\/"]}]},{"@type":"BreadcrumbList","@id":"https:\/\/claysoncorp.com\/en\/privacy-policy\/#breadcrumb","itemListElement":[{"@type":"ListItem","position":1,"name":"Accueil","item":"https:\/\/claysoncorp.com\/en\/"},{"@type":"ListItem","position":2,"name":"Privacy Policy"}]},{"@type":"WebSite","@id":"https:\/\/claysoncorp.com\/#website","url":"https:\/\/claysoncorp.com\/","name":"Clayson \u00c9comineral inc.","description":"R\u00e9inventer le b\u00e9ton avec un ciment plus responsable","publisher":{"@id":"https:\/\/claysoncorp.com\/#organization"},"potentialAction":[{"@type":"SearchAction","target":{"@type":"EntryPoint","urlTemplate":"https:\/\/claysoncorp.com\/?s={search_term_string}"},"query-input":{"@type":"PropertyValueSpecification","valueRequired":true,"valueName":"search_term_string"}}],"inLanguage":"en-US"},{"@type":"Organization","@id":"https:\/\/claysoncorp.com\/#organization","name":"Clayson \u00c9comineral inc.","url":"https:\/\/claysoncorp.com\/","logo":{"@type":"ImageObject","inLanguage":"en-US","@id":"https:\/\/claysoncorp.com\/#\/schema\/logo\/image\/","url":"https:\/\/claysoncorp.com\/wp-content\/uploads\/2023\/07\/Clayson_Ecomineral-Brand-FR.svg","contentUrl":"https:\/\/claysoncorp.com\/wp-content\/uploads\/2023\/07\/Clayson_Ecomineral-Brand-FR.svg","width":1296,"height":576,"caption":"Clayson \u00c9comineral inc."},"image":{"@id":"https:\/\/claysoncorp.com\/#\/schema\/logo\/image\/"}}]}},"_links":{"self":[{"href":"https:\/\/claysoncorp.com\/en\/wp-json\/wp\/v2\/pages\/1248","targetHints":{"allow":["GET"]}}],"collection":[{"href":"https:\/\/claysoncorp.com\/en\/wp-json\/wp\/v2\/pages"}],"about":[{"href":"https:\/\/claysoncorp.com\/en\/wp-json\/wp\/v2\/types\/page"}],"author":[{"embeddable":true,"href":"https:\/\/claysoncorp.com\/en\/wp-json\/wp\/v2\/users\/1"}],"replies":[{"embeddable":true,"href":"https:\/\/claysoncorp.com\/en\/wp-json\/wp\/v2\/comments?post=1248"}],"version-history":[{"count":1,"href":"https:\/\/claysoncorp.com\/en\/wp-json\/wp\/v2\/pages\/1248\/revisions"}],"predecessor-version":[{"id":1249,"href":"https:\/\/claysoncorp.com\/en\/wp-json\/wp\/v2\/pages\/1248\/revisions\/1249"}],"wp:attachment":[{"href":"https:\/\/claysoncorp.com\/en\/wp-json\/wp\/v2\/media?parent=1248"}],"curies":[{"name":"wp","href":"https:\/\/api.w.org\/{rel}","templated":true}]}}